{"id":4640,"date":"2024-11-20T15:56:19","date_gmt":"2024-11-20T14:56:19","guid":{"rendered":"https:\/\/art.musees-valais-dev.ch\/stipendien-und-aufenthalte\/"},"modified":"2025-03-14T16:47:57","modified_gmt":"2025-03-14T15:47:57","slug":"stipendien-und-aufenthalte","status":"publish","type":"page","link":"https:\/\/art.musees-valais-dev.ch\/de\/stipendien-und-aufenthalte\/","title":{"rendered":"Stipendien und Aufenthalte"},"content":{"rendered":"<p>[et_pb_section fb_built=&#8220;1&#8243; _builder_version=&#8220;4.27.4&#8243; _module_preset=&#8220;default&#8220; background_enable_color=&#8220;off&#8220; global_colors_info=&#8220;{}&#8220;][et_pb_row _builder_version=&#8220;4.22.1&#8243; _module_preset=&#8220;default&#8220; global_colors_info=&#8220;{}&#8220;][et_pb_column type=&#8220;4_4&#8243; _builder_version=&#8220;4.22.1&#8243; _module_preset=&#8220;default&#8220; global_colors_info=&#8220;{}&#8220;][et_pb_text _builder_version=&#8220;4.27.4&#8243; _module_preset=&#8220;default&#8220; header_text_color=&#8220;#000000&#8243; global_colors_info=&#8220;{}&#8220;]<\/p>\n<h1>Preise, Stipendien und Aufenthalte<\/h1>\n<p>[\/et_pb_text][\/et_pb_column][\/et_pb_row][\/et_pb_section][et_pb_section fb_built=&#8220;1&#8243; module_id=&#8220;noustrouver&#8220; _builder_version=&#8220;4.27.4&#8243; _module_preset=&#8220;default&#8220; global_colors_info=&#8220;{}&#8220;][et_pb_row _builder_version=&#8220;4.27.4&#8243; _module_preset=&#8220;default&#8220; custom_padding=&#8220;0px||||false|false&#8220; global_colors_info=&#8220;{}&#8220;][et_pb_column type=&#8220;4_4&#8243; _builder_version=&#8220;4.27.2&#8243; _module_preset=&#8220;default&#8220; global_colors_info=&#8220;{}&#8220;][et_pb_text _builder_version=&#8220;4.27.2&#8243; _module_preset=&#8220;default&#8220; global_colors_info=&#8220;{}&#8220;]<\/p>\n<p>Parallel zu seinen Kernt\u00e4tigkeiten f\u00f6rdert das Kunstmuseum Wallis K\u00fcnstlerinnen und K\u00fcnstler in ihrer beruflichen Laufbahn \u2013 insbesondere den Nachwuchs \u2013 durch die Vergabe verschiedener Preise, Stipendien und Aufenthalte.<\/p>\n<p>Unterlagen werden ausschliesslich w\u00e4hrend der ausgeschriebenen Bewerbungsphasen gepr\u00fcft.<\/p>\n<p>[\/et_pb_text][\/et_pb_column][\/et_pb_row][et_pb_row column_structure=&#8220;2_5,3_5&#8243; _builder_version=&#8220;4.24.2&#8243; _module_preset=&#8220;default&#8220; global_colors_info=&#8220;{}&#8220;][et_pb_column type=&#8220;2_5&#8243; _builder_version=&#8220;4.24.2&#8243; _module_preset=&#8220;default&#8220; global_colors_info=&#8220;{}&#8220;][et_pb_text _builder_version=&#8220;4.27.2&#8243; _module_preset=&#8220;default&#8220; global_colors_info=&#8220;{}&#8220;]<\/p>\n<h2>Manor Kunstpreis Wallis<\/h2>\n<p>[\/et_pb_text][\/et_pb_column][et_pb_column type=&#8220;3_5&#8243; _builder_version=&#8220;4.24.2&#8243; _module_preset=&#8220;default&#8220; global_colors_info=&#8220;{}&#8220;][et_pb_text _builder_version=&#8220;4.27.4&#8243; _module_preset=&#8220;default&#8220; global_colors_info=&#8220;{}&#8220;]<\/p>\n<p>Der Manor Kunstpreis, der im Jahr 2022 das 40-j\u00e4hrige Bestehen feierte, ist einer der wichtigsten F\u00f6rderpreise des zeitgen\u00f6ssischen Kunstschaffens in der Schweiz. Er wurde 1982 von Philippe Nordmann ins Leben gerufen, um jungen Schweizer Kunstschaffenden eine Plattform zu bieten. Er wird von einer Fachjury j\u00e4hrlich und alternierend in den St\u00e4dten Aarau, Basel, Biel, Chur, Genf, Lausanne, Luzern (f\u00fcr die Zentralschweiz), Lugano, Schaffhausen, Sitten, St. Gallen und Winterthur vergeben. Ein Blick auf die Liste der Preistr\u00e4gerinnen und Preistr\u00e4ger zeigt, dass der Manor Kunstpreis einer ganzen Reihe von K\u00fcnstlerinnen und K\u00fcnstlern den Weg zum internationalen Durchbruch geebnet hat: <a href=\"https:\/\/www.manor.ch\/de\/u\/kunstpreis\" target=\"_blank\" rel=\"noopener\">www.manor.ch\/de\/u\/kunstpreis.<\/a><\/p>\n<p>Seit 2007 wird der Manor Kunstpreis auch im Wallis verliehen \u2013 in Zusammenarbeit mit dem Kunstmuseum Wallis. Die Preistr\u00e4gerin oder der Preistr\u00e4ger erh\u00e4lt die M\u00f6glichkeit, eine eigene Ausstellung auszurichten und eine Publikation \u00fcber die eigene Arbeit zu realisieren. Das Kunstmuseum nominiert Kunstschaffende, die anschliessend von einer Jury unter dem Vorsitz des Museums bewertet werden.<\/p>\n<p>Teilnahmebedingungen:<\/p>\n<ul>\n<li>Die Kunstschaffenden m\u00fcssen im Bereich der bildenden Kunst t\u00e4tig sein,<\/li>\n<li>sie d\u00fcrfen das 40. Lebensjahr noch nicht \u00fcberschritten haben,<\/li>\n<li>sie m\u00fcssen aus dem jeweiligen Kanton stammen oder seit mindestens f\u00fcnf Jahren dort ans\u00e4ssig sein.<\/li>\n<\/ul>\n<h4>Die bisherigen Preistr\u00e4gerinnen und Preistr\u00e4ger:<\/h4>\n<p>2007 Martina Gmu\u0308r<br \/>2010 Joe\u0308lle Allet<br \/>2013 JocJonJosch<br \/>2015 Barbezat\/Villetard<br \/>2017 \u00c9ric Philippoz<br \/>2019 Badel\/Sarbach<br \/>2023 Aure\u0301lie Strumans<br \/>2024 Raphael Stucky<\/p>\n<p>[\/et_pb_text][\/et_pb_column][\/et_pb_row][et_pb_row column_structure=&#8220;2_5,3_5&#8243; _builder_version=&#8220;4.24.2&#8243; _module_preset=&#8220;default&#8220; global_colors_info=&#8220;{}&#8220;][et_pb_column type=&#8220;2_5&#8243; _builder_version=&#8220;4.24.2&#8243; _module_preset=&#8220;default&#8220; global_colors_info=&#8220;{}&#8220;][et_pb_text _builder_version=&#8220;4.27.2&#8243; _module_preset=&#8220;default&#8220; global_colors_info=&#8220;{}&#8220;]<\/p>\n<h2>K\u00fcnstlerresidenz Brigitte Mavromichalis \u2013 Kunstmuseum Wallis<\/h2>\n<p>[\/et_pb_text][\/et_pb_column][et_pb_column type=&#8220;3_5&#8243; _builder_version=&#8220;4.24.2&#8243; _module_preset=&#8220;default&#8220; global_colors_info=&#8220;{}&#8220;][et_pb_text _builder_version=&#8220;4.27.4&#8243; _module_preset=&#8220;default&#8220; global_colors_info=&#8220;{}&#8220;]<\/p>\n<p>Im Jahr 2024 wurde die K\u00fcnstlerresidenz Brigitte Mavromichalis \u2013 Kunstmuseum Wallis ins Leben gerufen, welche die im Jahr 2020 geschaffenen Residenz im Atelier des Kunstmuseums abgel\u00f6st hat. Der Preis wird an eine Absolventin oder einen Absolventen der <a href=\"https:\/\/edhea.ch\/de\/\" target=\"_blank\" rel=\"noopener\">EDHEA <\/a>verliehen, die\/der den Bachelor oder Master (MAPS+S) in bildender Kunst erlangt hat. Er umfasst ein Unterhaltsstipendium in der H\u00f6he von 7 500 CHF sowie ein Produktionsbudget von maximal 2 500 CHF. Zudem beinhaltet er einen 10-monatigen Aufenthalt im Atelier. Die Residenz wird in Zusammenarbeit mit der EDHEA verliehen, unter dem Vorsitz der Direktion des Kunstmuseums. Die Preisverleihung findet jeweils im Rahmen der Diplomfeier der EDHEA statt<\/p>\n<h4>Die Preistr\u00e4gerinnen und Preistr\u00e4ger der Residenz im Atelier des Kunstmuseums:<\/h4>\n<p>2020 \u00c9milie Gougain<br \/>2021 Alexandre Ghandour<br \/>2022 Doman Shekani<br \/>2023 Laura Morier-Genoud<\/p>\n<p>Die erste Preistr\u00e4gerin der neuen K\u00fcnstlerresidenz Brigitte Mavromichalis \u2013 Kunstmuseum Wallis:<\/p>\n<p>2024 Charlotte Centelighe<\/p>\n<p>[\/et_pb_text][\/et_pb_column][\/et_pb_row][et_pb_row column_structure=&#8220;2_5,3_5&#8243; _builder_version=&#8220;4.24.2&#8243; _module_preset=&#8220;default&#8220; global_colors_info=&#8220;{}&#8220;][et_pb_column type=&#8220;2_5&#8243; _builder_version=&#8220;4.24.2&#8243; _module_preset=&#8220;default&#8220; global_colors_info=&#8220;{}&#8220;][et_pb_text _builder_version=&#8220;4.27.2&#8243; _module_preset=&#8220;default&#8220; global_colors_info=&#8220;{}&#8220;]<\/p>\n<h2>Preis Brigitte Mavromichalis \u2013 Kunstmuseum Wallis<\/h2>\n<p>[\/et_pb_text][\/et_pb_column][et_pb_column type=&#8220;3_5&#8243; _builder_version=&#8220;4.24.2&#8243; _module_preset=&#8220;default&#8220; global_colors_info=&#8220;{}&#8220;][et_pb_text _builder_version=&#8220;4.27.4&#8243; _module_preset=&#8220;default&#8220; global_colors_info=&#8220;{}&#8220;]<\/p>\n<p>Der 2024 lancierte Preis Brigitte Mavromichalis \u2013 Kunstmuseum Wallis zeichnet den besten Master-Abschluss in bildender Kunst der EDHEA (MAPS + S) aus. Der mit 5 000 Franken dotierte Preis wird in Zusammenarbeit mit der EDHEA und unter dem Vorsitz der Direktion des Kunstmuseums verliehen, im Rahmen der Diplomfeier. <\/p>\n<h4>Bisherige Preistr\u00e4gerinnen und Preistr\u00e4ger:<\/h4>\n<p>2024 Mart\u00edn Baus<\/p>\n<p>[\/et_pb_text][\/et_pb_column][\/et_pb_row][et_pb_row column_structure=&#8220;2_5,3_5&#8243; _builder_version=&#8220;4.24.2&#8243; _module_preset=&#8220;default&#8220; global_colors_info=&#8220;{}&#8220;][et_pb_column type=&#8220;2_5&#8243; _builder_version=&#8220;4.24.2&#8243; _module_preset=&#8220;default&#8220; global_colors_info=&#8220;{}&#8220;][et_pb_text _builder_version=&#8220;4.27.2&#8243; _module_preset=&#8220;default&#8220; global_colors_info=&#8220;{}&#8220;]<\/p>\n<h2>Internationale K\u00fcnstlerresidenz<\/h2>\n<p>[\/et_pb_text][\/et_pb_column][et_pb_column type=&#8220;3_5&#8243; _builder_version=&#8220;4.24.2&#8243; _module_preset=&#8220;default&#8220; global_colors_info=&#8220;{}&#8220;][et_pb_text _builder_version=&#8220;4.27.4&#8243; _module_preset=&#8220;default&#8220; global_colors_info=&#8220;{}&#8220;]<\/p>\n<p>Seit 2023 bietet das Kunstmuseum Wallis einer K\u00fcnstlerin oder einem K\u00fcnstler die M\u00f6glichkeit, w\u00e4hrend des Sommers einen einmonatigen Aufenthalt im Wallis zu verbringen, um ihre\/seine k\u00fcnstlerische Forschung voranzutreiben oder ein Projekt umzusetzen. Daf\u00fcr wird den Kunstschaffenden das Atelier im Kunstmuseum zur Verf\u00fcgung gestellt. Seit 2024 ist das Stipendium zur Deckung der Reise- und Aufenthaltskoten mit 5 000 Franken dotiert. Die Vergabe des Stipendiums erfolgt nach Ermessen des Kunstmuseums.   <\/p>\n<h4>Bisherige Preistr\u00e4gerinnen und Preistr\u00e4ger:<\/h4>\n<p>2024 Beno\u00eet Billotte<br \/>2023 Sarah Casey<\/p>\n<p>[\/et_pb_text][\/et_pb_column][\/et_pb_row][et_pb_row column_structure=&#8220;2_5,3_5&#8243; _builder_version=&#8220;4.24.2&#8243; _module_preset=&#8220;default&#8220; global_colors_info=&#8220;{}&#8220;][et_pb_column type=&#8220;2_5&#8243; _builder_version=&#8220;4.24.2&#8243; _module_preset=&#8220;default&#8220; global_colors_info=&#8220;{}&#8220;][et_pb_text _builder_version=&#8220;4.27.2&#8243; _module_preset=&#8220;default&#8220; global_colors_info=&#8220;{}&#8220;]<\/p>\n<h2>Stipendium f\u00fcr eine erste Monografie<\/h2>\n<p>[\/et_pb_text][\/et_pb_column][et_pb_column type=&#8220;3_5&#8243; _builder_version=&#8220;4.24.2&#8243; _module_preset=&#8220;default&#8220; global_colors_info=&#8220;{}&#8220;][et_pb_text _builder_version=&#8220;4.27.4&#8243; _module_preset=&#8220;default&#8220; global_colors_info=&#8220;{}&#8220;]<\/p>\n<p>Das Stipendium f\u00fcr die erste Monografie erm\u00f6glicht es einer K\u00fcnstlerin oder einem K\u00fcnstler, die\/der aus dem Wallis stammt oder seit mindestens drei Jahren hier ans\u00e4ssig ist und noch keine Monografie \u00fcber ihre\/seine k\u00fcnstlerische Arbeit ver\u00f6ffentlicht hat, die Realisierung einer Publikation. Das Stipendium umfasst Honorare in der H\u00f6he von 10 000 Franken sowie ein Produktionsbudget von 40 000 Franken. Der\/die beg\u00fcnstigte Kunstschaffende erh\u00e4lt zudem 100 Exemplare der Publikation, welche unter der wissenschaftlichen Leitung des Kunstmuseums Wallis entsteht. Das Stipendium wird alle zwei Jahre ausgeschrieben und von einer Jury vergeben, die von der Direktion des Kunstmuseum einberufen und pr\u00e4sidiert wird.   <\/p>\n<p>Teilnahmebedingungen:<\/p>\n<ul>\n<li>Die Ausschreibung richtet sich an professionelle Kunstschaffende, die aus dem Wallis stammen oder schon seit mindestens drei Jahren hier ans\u00e4ssig sind und noch keine Monografie \u00fcber ihre k\u00fcnstlerische Arbeit ver\u00f6ffentlicht haben.<\/li>\n<li>Die teilnehmenden Kunstschaffenden m\u00fcssen ihre Ausbildung seit mindestens 3 Jahren abgeschlossen haben. Es gibt keine Altersbeschr\u00e4nkung. <\/li>\n<li>Es ist nicht erforderlich, bereits in der Sammlung des Kunstmuseums Wallis vertreten zu sein.<\/li>\n<\/ul>\n<p>Die Ausschreibung ist derzeit geschlossen.<\/p>\n<h4>Die bisherigen Preistr\u00e4gerinnen und Preistr\u00e4ger:<\/h4>\n<p>2025 Laurence Bonvin<\/p>\n<p>[\/et_pb_text][\/et_pb_column][\/et_pb_row][\/et_pb_section]<\/p>\n","protected":false},"excerpt":{"rendered":"<p>Preise, Stipendien und AufenthalteParallel zu seinen Kernt\u00e4tigkeiten f\u00f6rdert das Kunstmuseum Wallis K\u00fcnstlerinnen und K\u00fcnstler in ihrer beruflichen Laufbahn \u2013 insbesondere den Nachwuchs \u2013 durch die Vergabe verschiedener Preise, Stipendien und Aufenthalte. Unterlagen werden ausschliesslich w\u00e4hrend der ausgeschriebenen Bewerbungsphasen gepr\u00fcft.Manor Kunstpreis WallisDer Manor Kunstpreis, der im Jahr 2022 das 40-j\u00e4hrige Bestehen feierte, ist einer der wichtigsten [&hellip;]<\/p>\n","protected":false},"author":2,"featured_media":0,"parent":0,"menu_order":0,"comment_status":"closed","ping_status":"closed","template":"","meta":{"_acf_changed":false,"_et_pb_use_builder":"on","_et_pb_old_content":"","_et_gb_content_width":"","_crsspst_to_musees-valais-devch":false,"_crsspst_to_histoiremusees-valais-devch":false,"_crsspst_to_naturemusees-valais-devch":false,"footnotes":""},"class_list":["post-4640","page","type-page","status-publish","hentry"],"acf":[],"_links":{"self":[{"href":"https:\/\/art.musees-valais-dev.ch\/de\/wp-json\/wp\/v2\/pages\/4640","targetHints":{"allow":["GET"]}}],"collection":[{"href":"https:\/\/art.musees-valais-dev.ch\/de\/wp-json\/wp\/v2\/pages"}],"about":[{"href":"https:\/\/art.musees-valais-dev.ch\/de\/wp-json\/wp\/v2\/types\/page"}],"author":[{"embeddable":true,"href":"https:\/\/art.musees-valais-dev.ch\/de\/wp-json\/wp\/v2\/users\/2"}],"replies":[{"embeddable":true,"href":"https:\/\/art.musees-valais-dev.ch\/de\/wp-json\/wp\/v2\/comments?post=4640"}],"version-history":[{"count":5,"href":"https:\/\/art.musees-valais-dev.ch\/de\/wp-json\/wp\/v2\/pages\/4640\/revisions"}],"predecessor-version":[{"id":6891,"href":"https:\/\/art.musees-valais-dev.ch\/de\/wp-json\/wp\/v2\/pages\/4640\/revisions\/6891"}],"wp:attachment":[{"href":"https:\/\/art.musees-valais-dev.ch\/de\/wp-json\/wp\/v2\/media?parent=4640"}],"curies":[{"name":"wp","href":"https:\/\/api.w.org\/{rel}","templated":true}]}}