{"id":4123,"date":"2025-01-31T13:48:17","date_gmt":"2025-01-31T12:48:17","guid":{"rendered":"https:\/\/art.musees-valais-dev.ch\/haeufig-gestellte-fragen\/"},"modified":"2025-03-14T09:30:13","modified_gmt":"2025-03-14T08:30:13","slug":"haeufig-gestellte-fragen","status":"publish","type":"page","link":"https:\/\/art.musees-valais-dev.ch\/de\/haeufig-gestellte-fragen\/","title":{"rendered":"H\u00e4ufig gestellte Fragen"},"content":{"rendered":"<p>[et_pb_section fb_built=&#8220;1&#8243; module_class=&#8220;parent-section&#8220; _builder_version=&#8220;4.27.2&#8243; _module_preset=&#8220;default&#8220; global_colors_info=&#8220;{}&#8220;][et_pb_row _builder_version=&#8220;4.27.2&#8243; _module_preset=&#8220;default&#8220; background_enable_color=&#8220;off&#8220; width=&#8220;100%&#8220; global_colors_info=&#8220;{}&#8220;][et_pb_column type=&#8220;4_4&#8243; _builder_version=&#8220;4.27.0&#8243; _module_preset=&#8220;default&#8220; custom_padding=&#8220;|||5%|false|false&#8220; global_colors_info=&#8220;{}&#8220;][et_pb_text _builder_version=&#8220;4.27.4&#8243; _module_preset=&#8220;default&#8220; custom_padding=&#8220;||28px|||&#8220; global_colors_info=&#8220;{}&#8220;]<\/p>\n<h2>H\u00e4ufig gestellte Fragen<\/h2>\n<p>[\/et_pb_text][\/et_pb_column][\/et_pb_row][et_pb_row column_structure=&#8220;1_2,1_2&#8243; _builder_version=&#8220;4.27.4&#8243; _module_preset=&#8220;default&#8220; custom_padding=&#8220;0px||||false|false&#8220; global_colors_info=&#8220;{}&#8220;][et_pb_column type=&#8220;1_2&#8243; _builder_version=&#8220;4.27.2&#8243; _module_preset=&#8220;default&#8220; global_colors_info=&#8220;{}&#8220;][et_pb_toggle title=&#8220;Barrierefreiheit&#8220; _builder_version=&#8220;4.27.4&#8243; _module_preset=&#8220;default&#8220; global_colors_info=&#8220;{}&#8220;]<\/p>\n<p>Die Walliser Kantonsmuseen befinden sich in historischen Geb\u00e4uden. Die Zug\u00e4nglichkeit f\u00fcr Personen mit eingeschr\u00e4nkter Mobilit\u00e4t ist aufgrund des Kopfsteinpflasters und der Treppen problematisch. Auf der Website von Pro Infirmis finden Sie alle Details zum <a href=\"https:\/\/zuerst.proinfirmis.ch\/pois\/detail\/20459\" target=\"_blank\" rel=\"noopener\">Kunstmuseum, <\/a>zum <a href=\"https:\/\/zuerst.proinfirmis.ch\/pois\/detail\/20451\" target=\"_blank\" rel=\"noopener\">Geschichtsmuseum <\/a>und zum <a href=\"https:\/\/zuerst.proinfirmis.ch\/pois\/detail\/20454\" target=\"_blank\" rel=\"noopener\">Naturmuseum <\/a>Wallis. <\/p>\n<p>&nbsp;<\/p>\n<p>[\/et_pb_toggle][et_pb_toggle title=&#8220;Behinderung und besondere Bed\u00fcrfnisse&#8220; _builder_version=&#8220;4.27.4&#8243; _module_preset=&#8220;default&#8220; global_colors_info=&#8220;{}&#8220;]<\/p>\n<ul>\n<li>Das Kunstmuseum stellt f\u00fcr Menschen mit Sehbehinderung individuelle F\u00fchrungen zusammen.<\/li>\n<li>Das Geschichtsmuseum stellt f\u00fcr Menschen mit H\u00f6rbehinderung individuelle F\u00fchrungen zusammen.<\/li>\n<li>Der Rundgang des Naturmuseums eignet sich f\u00fcr Personen mit kognitiver oder intellektueller Behinderung. Das Naturmuseum stellt individuelle F\u00fchrungen f\u00fcr Menschen mit Beeintr\u00e4chtigung zusammen.<\/li>\n<\/ul>\n<p><a href=\"https:\/\/musees-valais-dev.ch\/de\/angebote-fuer-alle-besuchenden\/?filter=true&amp;tout_public=Visites%20inclusives\" target=\"_blank\" rel=\"noopener\">Alle Besuchsangebote f\u00fcr Menschen mit besonderen Bed\u00fcrfnissen entdecken<\/a><\/p>\n<p>&nbsp;<\/p>\n<p>[\/et_pb_toggle][et_pb_toggle title=&#8220;Parkpl\u00e4tze&#8220; _builder_version=&#8220;4.27.4&#8243; _module_preset=&#8220;default&#8220; global_colors_info=&#8220;{}&#8220;]<\/p>\n<p>In der N\u00e4he der Rue des Ch\u00e2teaux, wo sich das Kunstmuseum Wallis befindet, stehen verschiedene Parkh\u00e4user zur Verf\u00fcgung:<\/p>\n<ul>\n<li>Parking de la Cible, Rue des Tonneliers<\/li>\n<li>Parking du Nord, Rue de Lo\u00e8che<\/li>\n<li>Parking de la Planta, Avenue de la Gare<\/li>\n<li>Parking du Scex, Rue du Scex<\/li>\n<\/ul>\n<p>&nbsp;<\/p>\n<p>[\/et_pb_toggle][et_pb_toggle title=&#8220;Expertisen&#8220; _builder_version=&#8220;4.27.4&#8243; _module_preset=&#8220;default&#8220; global_colors_info=&#8220;{}&#8220;]<\/p>\n<p>Das Kunstmuseum Wallis erstellt keine Expertisen. Wir raten Ihnen, sich an selbst\u00e4ndige Experten oder Expertinnen sowie an Auktionsh\u00e4user zu wenden.<\/p>\n<p>[\/et_pb_toggle][et_pb_toggle title=&#8220;\u00d6ffnungszeiten&#8220; _builder_version=&#8220;4.27.4&#8243; _module_preset=&#8220;default&#8220; global_colors_info=&#8220;{}&#8220;]<\/p>\n<p>Alle <a href=\"https:\/\/art.musees-valais-dev.ch\/de\/praktische-informationen\/#noshoraires\">\u00d6ffnungszeiten <\/a>anzeigen<\/p>\n<p>[\/et_pb_toggle][et_pb_toggle title=&#8220;Feiertage&#8220; _builder_version=&#8220;4.27.4&#8243; _module_preset=&#8220;default&#8220; global_colors_info=&#8220;{}&#8220;]<\/p>\n<p>Das Kunstmuseum Wallis ist das ganze Jahr ge\u00f6ffnet, ausser am 25. Dezember und am 1. Januar.<\/p>\n<p>Alle <a href=\"https:\/\/art.musees-valais-dev.ch\/de\/praktische-informationen\/#noshoraires\">\u00d6ffnungszeiten <\/a>anzeigen<\/p>\n<p>[\/et_pb_toggle][et_pb_toggle title=&#8220;R\u00e4ume mieten&#8220; _builder_version=&#8220;4.27.4&#8243; _module_preset=&#8220;default&#8220; global_colors_info=&#8220;{}&#8220;]<\/p>\n<p>Eine Reihe von R\u00e4umen k\u00f6nnen f\u00fcr private Veranstaltungen gemietet werden. <a href=\"https:\/\/art.musees-valais-dev.ch\/de\/unsere-dienstleistungen\/#location\" target=\"_blank\" rel=\"noopener\">Mehr erfahren<\/a><\/p>\n<p>[\/et_pb_toggle][\/et_pb_column][et_pb_column type=&#8220;1_2&#8243; _builder_version=&#8220;4.27.2&#8243; _module_preset=&#8220;default&#8220; global_colors_info=&#8220;{}&#8220;][et_pb_toggle title=&#8220;Fundgegenst\u00e4nde&#8220; _builder_version=&#8220;4.27.4&#8243; _module_preset=&#8220;default&#8220; global_colors_info=&#8220;{}&#8220;]<\/p>\n<p>Wenn Sie w\u00e4hrend beim Besuch im Kunstmuseum etwas verloren haben, wenden Sie sich bitte an den Empfang des Museums: <a href=\"tel:+41276064690\">027 606 46 90 <\/a>oder schreiben Sie eine E-Mail an: <a href=\"mailto:sc-museeart@admin.vs.ch\">sc-museeart@admin.vs.ch<br \/><\/a><\/p>\n<p>[\/et_pb_toggle][et_pb_toggle title=&#8220;Zahlungsarten&#8220; _builder_version=&#8220;4.27.4&#8243; _module_preset=&#8220;default&#8220; global_colors_info=&#8220;{}&#8220;]<\/p>\n<p>Sie k\u00f6nnen in den Kantonsmuseen bar bezahlen, in Schweizer Franken, oder mit Debit- oder Kreditkarte.<\/p>\n<p>[\/et_pb_toggle][et_pb_toggle title=&#8220;Gratiseintritt&#8220; _builder_version=&#8220;4.27.4&#8243; _module_preset=&#8220;default&#8220; global_colors_info=&#8220;{}&#8220;]<\/p>\n<p>Am ersten Wochenende des Monats ist der Eintritt in die drei Kantonsmuseen gratis.<\/p>\n<p>Der Eintritt ist mit den folgenden P\u00e4ssen, Mitgliedschaften oder Karten gratis:<\/p>\n<p><a href=\"https:\/\/art.musees-valais-dev.ch\/de\/praktische-informationen\/#nostarifs\" target=\"_blank\" rel=\"noopener\">Alle Eintrittspreise anzeigen<\/a><\/p>\n<div class=\"divi-row-destination\">\u00a0<\/div>\n<p>[\/et_pb_toggle][et_pb_toggle title=&#8220;Filmdreh oder Fotoshooting&#8220; _builder_version=&#8220;4.27.4&#8243; _module_preset=&#8220;default&#8220; global_colors_info=&#8220;{}&#8220;]<\/p>\n<p>Schicken Sie uns eine E-Mail mit Ihrer Anfrage, mindestens 3 Wochen vor dem gew\u00fcnschten Datum, an: <a href=\"mailto:sc-musees-promotion@admin.vs.ch\">sc-musees-promotion@admin.vs.ch.<\/a><\/p>\n<p>[\/et_pb_toggle][et_pb_toggle title=&#8220;Tiere&#8220; _builder_version=&#8220;4.27.4&#8243; _module_preset=&#8220;default&#8220; global_colors_info=&#8220;{}&#8220;]<\/p>\n<p>Das Museum ist eine Kulturinstitution. Die hier gezeigten Objekte sind anf\u00e4llig. Tiere haben daher keinen Zutritt. F\u00fchrhunde sind hingegen willkommen.<\/p>\n<p>[\/et_pb_toggle][et_pb_toggle title=&#8220;Fotografieren&#8220; _builder_version=&#8220;4.27.4&#8243; _module_preset=&#8220;default&#8220; global_colors_info=&#8220;{}&#8220;]<\/p>\n<p>Sie d\u00fcrfen im Museum Fotos machen, allerdings ohne Blitz und unter Einhaltung der Privatsph\u00e4re der anderen Besuchenden.<\/p>\n<p>[\/et_pb_toggle][et_pb_toggle title=&#8220;Schliessf\u00e4cher&#8220; _builder_version=&#8220;4.27.4&#8243; _module_preset=&#8220;default&#8220; global_colors_info=&#8220;{}&#8220;]<\/p>\n<p>Im Museum stehen Schliessf\u00e4cher zur Verf\u00fcgung. Dort k\u00f6nnen Sie Ihre pers\u00f6nlichen Sachen w\u00e4hrend des Besuchs deponieren.<\/p>\n<p>[\/et_pb_toggle][et_pb_code _builder_version=&#8220;4.27.2&#8243; _module_preset=&#8220;default&#8220; global_colors_info=&#8220;{}&#8220;]<script><!-- [et_pb_line_break_holder] -->  (function (jQuery) {<!-- [et_pb_line_break_holder] -->  jQuery(document).ready(function () {<!-- [et_pb_line_break_holder] -->  jQuery('.divi-portable-row').each(function () {<!-- [et_pb_line_break_holder] -->      jQuery(this).closest('.parent-section').find('.divi-row-destination').append(jQuery(this));<!-- [et_pb_line_break_holder] -->    });<!-- [et_pb_line_break_holder] -->    });<!-- [et_pb_line_break_holder] -->})(jQuery);<!-- [et_pb_line_break_holder] --><\/script>[\/et_pb_code][et_pb_toggle title=&#8220;Gruppen&#8220; _builder_version=&#8220;4.27.4&#8243; _module_preset=&#8220;default&#8220; global_colors_info=&#8220;{}&#8220;]<\/p>\n<p>Unser Empfangspersonal sch\u00e4tzt es, wenn Gruppen von \u00fcber 10 Personen ihren Besuch ank\u00fcndigen, per E-Mail an die folgende Adresse:<a href=\"mailto:sc-museeart@admin.vs.ch\" target=\"_blank\" rel=\"noopener\">sc-museeart@admin.vs.ch<\/a><\/p>\n<p>Alle <a href=\"https:\/\/art.musees-valais-dev.ch\/de\/unsere-fuehrungen\/\" target=\"_blank\" rel=\"noopener\">Besuchsangebote <\/a>anzeigen<\/p>\n<p>[\/et_pb_toggle][et_pb_code _builder_version=&#8220;4.27.2&#8243; _module_preset=&#8220;default&#8220; global_colors_info=&#8220;{}&#8220;]<script><!-- [et_pb_line_break_holder] -->jQuery(function($) {<!-- [et_pb_line_break_holder] -->$('.et_pb_toggle .et_pb_toggle_title').click(function(e){<!-- [et_pb_line_break_holder] -->e.preventDefault();<!-- [et_pb_line_break_holder] -->var $module = $(this).parent();<!-- [et_pb_line_break_holder] -->$module.children('.et_pb_toggle_content').slideToggle(400, function() {<!-- [et_pb_line_break_holder] -->$module.toggleClass('et_pb_toggle_open et_pb_toggle_close');<!-- [et_pb_line_break_holder] -->});<!-- [et_pb_line_break_holder] -->});<!-- [et_pb_line_break_holder] -->});<!-- [et_pb_line_break_holder] --><\/script>[\/et_pb_code][\/et_pb_column][\/et_pb_row][et_pb_row module_class=&#8220;divi-portable-row&#8220; _builder_version=&#8220;4.27.2&#8243; _module_preset=&#8220;default&#8220; global_colors_info=&#8220;{}&#8220;][et_pb_column type=&#8220;4_4&#8243; _builder_version=&#8220;4.27.2&#8243; _module_preset=&#8220;default&#8220; global_colors_info=&#8220;{}&#8220;][et_pb_toggle title=&#8220;Kunstmuseum Wallis&#8220; _builder_version=&#8220;4.27.4&#8243; _module_preset=&#8220;default&#8220; hover_enabled=&#8220;0&#8243; global_colors_info=&#8220;{}&#8220; sticky_enabled=&#8220;0&#8243;]<\/p>\n<ul>\n<li>Abobo<\/li>\n<li>Kultur-AG<\/li>\n<li>Botschafter-Karte Valais Wallis<\/li>\n<li>Mitglieder VMS<\/li>\n<li>Kulturlegi \/ Caritas<\/li>\n<li>Mitglieder ICOM<\/li>\n<li>Raiffeisen-Karte<\/li>\n<li>Mitglieder Visarte<\/li>\n<li>G\u00e4stekarte Sion Tourismus<\/li>\n<li>Berechtigungskarte der Dienststelle f\u00fcr Kultur des Kantons Wallis<\/li>\n<li>Pass Bienvenue Sion \u2013 Sierre<\/li>\n<li>Schweizer Museumspass SBB<\/li>\n<li>Schweizer Museumspass<\/li>\n<li>Ferienpass<\/li>\n<li>Petit L\u00e9onard<\/li>\n<li>Swiss Travel Pass<\/li>\n<li>Begleitpersonen von Menschen mit besonderen Bed\u00fcrfnissen<\/li>\n<li>Mitglieder des Vereins Freunde und Freundinnen des Kunstmuseums Wallis (AMAV) mit einer Begleitperson<\/li>\n<li>Kinderkrippen und -tagesst\u00e4tten<\/li>\n<li>Die \u00f6ffentlichen Schulen der obligatorischen Schulpflicht sowie Sekundarstufe II<\/li>\n<li>Privatschulen, die vom Kanton Wallis subventioniert werden<\/li>\n<li>Lehrpersonen zur Vorbereitung eines Schulbesuchs, gegen Vorlage eines Nachweises<\/li>\n<li>Studierende der Kunstgeschichte<\/li>\n<li>Die Studierenden der EDHEA<\/li>\n<li>Journalisten gegen Vorlage des Presseausweises<\/li>\n<li>Die Mitglieder des internationalen Kunstkritikerverbands (AICA)<\/li>\n<li>Die Mitglieder der Vereinigung der Kunsthistorikerinnen und Kunsthistoriker in der Schweiz (VKKS)<\/li>\n<li>Die Mitglieder der verschiedenen Organisationen f\u00fcr Kinder und Erwachsene, die vom Kanton Wallis unterst\u00fctzt werden<\/li>\n<li>Die Mitglieder von Terre des Hommes<\/li>\n<li>Patientinnen und Patienten der Psychiatrie und der Tageskliniken<\/li>\n<li>Heimkinder bis 18 Jahre<\/li>\n<\/ul>\n<p>[\/et_pb_toggle][\/et_pb_column][\/et_pb_row][\/et_pb_section]<\/p>\n","protected":false},"excerpt":{"rendered":"<p>H\u00e4ufig gestellte FragenDie Walliser Kantonsmuseen befinden sich in historischen Geb\u00e4uden. Die Zug\u00e4nglichkeit f\u00fcr Personen mit eingeschr\u00e4nkter Mobilit\u00e4t ist aufgrund des Kopfsteinpflasters und der Treppen problematisch. Auf der Website von Pro Infirmis finden Sie alle Details zum Kunstmuseum, zum Geschichtsmuseum und zum Naturmuseum Wallis. &nbsp; Das Kunstmuseum stellt f\u00fcr Menschen mit Sehbehinderung individuelle F\u00fchrungen zusammen. Das [&hellip;]<\/p>\n","protected":false},"author":2,"featured_media":0,"parent":0,"menu_order":0,"comment_status":"closed","ping_status":"closed","template":"","meta":{"_acf_changed":false,"_et_pb_use_builder":"on","_et_pb_old_content":"","_et_gb_content_width":"","_crsspst_to_musees-valais-devch":false,"_crsspst_to_histoiremusees-valais-devch":false,"_crsspst_to_naturemusees-valais-devch":false,"footnotes":""},"class_list":["post-4123","page","type-page","status-publish","hentry"],"acf":[],"_links":{"self":[{"href":"https:\/\/art.musees-valais-dev.ch\/de\/wp-json\/wp\/v2\/pages\/4123","targetHints":{"allow":["GET"]}}],"collection":[{"href":"https:\/\/art.musees-valais-dev.ch\/de\/wp-json\/wp\/v2\/pages"}],"about":[{"href":"https:\/\/art.musees-valais-dev.ch\/de\/wp-json\/wp\/v2\/types\/page"}],"author":[{"embeddable":true,"href":"https:\/\/art.musees-valais-dev.ch\/de\/wp-json\/wp\/v2\/users\/2"}],"replies":[{"embeddable":true,"href":"https:\/\/art.musees-valais-dev.ch\/de\/wp-json\/wp\/v2\/comments?post=4123"}],"version-history":[{"count":5,"href":"https:\/\/art.musees-valais-dev.ch\/de\/wp-json\/wp\/v2\/pages\/4123\/revisions"}],"predecessor-version":[{"id":4590,"href":"https:\/\/art.musees-valais-dev.ch\/de\/wp-json\/wp\/v2\/pages\/4123\/revisions\/4590"}],"wp:attachment":[{"href":"https:\/\/art.musees-valais-dev.ch\/de\/wp-json\/wp\/v2\/media?parent=4123"}],"curies":[{"name":"wp","href":"https:\/\/api.w.org\/{rel}","templated":true}]}}