{"id":4114,"date":"2024-04-10T10:39:51","date_gmt":"2024-04-10T08:39:51","guid":{"rendered":"https:\/\/art.musees-valais-dev.ch\/unsere-sammlungen\/"},"modified":"2025-03-14T16:39:25","modified_gmt":"2025-03-14T15:39:25","slug":"unsere-sammlungen","status":"publish","type":"page","link":"https:\/\/art.musees-valais-dev.ch\/de\/unsere-sammlungen\/","title":{"rendered":"Unsere Sammlungen"},"content":{"rendered":"<p>[et_pb_section fb_built=&#8220;1&#8243; fullwidth=&#8220;on&#8220; _builder_version=&#8220;4.27.4&#8243; _module_preset=&#8220;default&#8220; global_colors_info=&#8220;{}&#8220;][et_pb_fullwidth_image src=&#8220;https:\/\/art.musees-valais-dev.ch\/wp-content\/uploads\/2025\/02\/Collections-1.jpg&#8220; alt=&#8220;Kunstmuseum Wallis. Ausstellung \u00abSuite fran\u00e7aise\u00bb. Legat von Brigitte Mavromichalis. 2023 \u00a9 Walliser Kantonsmuseen. Photo Olivier Lovey    &#8220; title_text=&#8220;Kunstmuseum Wallis. Ausstellung \u00abSuite fran\u00e7aise\u00bb. Legat von Brigitte Mavromichalis. 2023 \u00a9 Walliser Kantonsmuseen. Photo Olivier Lovey    &#8220; src_tablet=&#8220;https:\/\/art.musees-valais-dev.ch\/wp-content\/uploads\/2025\/02\/Musee-dart-du-Valais.-Exposition-Suite-francaise.-Legs-de-Brigitte-Mavromichalis.-2023-\u00a9-Musees-cantonaux-du-Valais.-Photo-Olivier-Lovey.jpg&#8220; src_phone=&#8220;https:\/\/art.musees-valais-dev.ch\/wp-content\/uploads\/2025\/02\/Musee-dart-du-Valais.-Exposition-Suite-francaise.-Legs-de-Brigitte-Mavromichalis.-2023-\u00a9-Musees-cantonaux-du-Valais.-Photo-Olivier-Lovey.jpg&#8220; src_last_edited=&#8220;on|phone&#8220; _builder_version=&#8220;4.27.4&#8243; _module_preset=&#8220;default&#8220; global_colors_info=&#8220;{}&#8220;][\/et_pb_fullwidth_image][\/et_pb_section][et_pb_section fb_built=&#8220;1&#8243; _builder_version=&#8220;4.27.2&#8243; _module_preset=&#8220;default&#8220; global_colors_info=&#8220;{}&#8220;][et_pb_row _builder_version=&#8220;4.24.2&#8243; _module_preset=&#8220;default&#8220; global_colors_info=&#8220;{}&#8220;][et_pb_column type=&#8220;4_4&#8243; _builder_version=&#8220;4.24.2&#8243; _module_preset=&#8220;default&#8220; global_colors_info=&#8220;{}&#8220;][et_pb_text _builder_version=&#8220;4.27.4&#8243; _module_preset=&#8220;default&#8220; header_text_color=&#8220;#000000&#8243; header_2_font=&#8220;||||||||&#8220; global_colors_info=&#8220;{}&#8220;]<\/p>\n<h1>Unsere Sammlungen<\/h1>\n<p>[\/et_pb_text][\/et_pb_column][\/et_pb_row][\/et_pb_section][et_pb_section fb_built=&#8220;1&#8243; _builder_version=&#8220;4.27.4&#8243; _module_preset=&#8220;default&#8220; global_colors_info=&#8220;{}&#8220;][et_pb_row column_structure=&#8220;2_5,3_5&#8243; _builder_version=&#8220;4.27.4&#8243; _module_preset=&#8220;default&#8220; custom_padding=&#8220;0px||||false|false&#8220; global_colors_info=&#8220;{}&#8220;][et_pb_column type=&#8220;2_5&#8243; _builder_version=&#8220;4.27.4&#8243; _module_preset=&#8220;default&#8220; global_colors_info=&#8220;{}&#8220;][et_pb_text _builder_version=&#8220;4.27.4&#8243; _module_preset=&#8220;default&#8220; global_colors_info=&#8220;{}&#8220;]<\/p>\n<h2>Ein aussergew\u00f6hnliches Erbe<\/h2>\n<p>[\/et_pb_text][\/et_pb_column][et_pb_column type=&#8220;3_5&#8243; _builder_version=&#8220;4.27.4&#8243; _module_preset=&#8220;default&#8220; global_colors_info=&#8220;{}&#8220;][et_pb_text _builder_version=&#8220;4.27.4&#8243; _module_preset=&#8220;default&#8220; hover_enabled=&#8220;0&#8243; global_colors_info=&#8220;{}&#8220; sticky_enabled=&#8220;0&#8243;]<\/p>\n<p>Das Kunstmuseum Wallis ist die Referenzinstitution f\u00fcr das Kunstschaffen im Zusammenhang mit dem Wallis. Seine Sammlungen umfassen ausserdem nationales und internationales Schaffen<\/p>\n<p>Seit seiner Gr\u00fcndung im Jahr 1947 hat das Kunstmuseum Wallis eine bedeutende Sammlung entwickelt. Diese z\u00e4hlt heute rund 6 000 Werke (Gem\u00e4lde, Skulpturen, Zeichnungen, Drucke, Fotografien, Videos usw.), davon 3 000 auf Papier.<\/p>\n<p>Die Best\u00e4nde alter, moderner und zeitgen\u00f6ssischer Kunst werden regelm\u00e4ssig bereichert, einerseits durch die Anschaffungen des Museums, anderseits durch Schenkungen von Sammlerinnen und Sammlern, Kunstschaffenden und Stiftungen sowie durch Deposita von K\u00f6rperschaften und Privatpersonen. Nach und nach hat sich die Identit\u00e4t des Museums gebildet, welche auf die Landschaft ausgerichtet ist und sich durch Werke unumg\u00e4nglicher K\u00fcnstler und K\u00fcnstlerinnen der Schweizer Alpenmalerei auszeichnet wie Alexandre Calame, Fran\u00e7ois Diday, Caspar Wolf, Ursula Biemann, Alighiero Boetti, Miriam Cahn, Julian Charri\u00e8re, Angel Duarte, Sasha Huber, Oskar Kokoschka, Hamish Fulton und F\u00e9lix Vallotton.<\/p>\n<p>Das Kunstmuseum Wallis ber\u00fccksichtigt bei der Erweiterung seiner Sammlungen die folgenden Schwerpunkte:<\/p>\n<ul>\n<li>Die Landschaft und die Bilderwelt der Berge;<\/li>\n<li>Die K\u00fcnstlerinnen und K\u00fcnstler der Schule von Savi\u00e8se, wie Ernest Bi\u00e9ler, \u00c9douard Vallet und Marguerite Burnat-Provins;<\/li>\n<li>Die regionale, nationale und internationale zeitgen\u00f6ssische Kunst im Zusammenhang mit den Thematiken der Institution;<\/li>\n<li>Das Walliser Kunstschaffen.<\/li>\n<\/ul>\n<p>Ausserdem verwaltet das Kunstmuseum Wallis die rund 300 Werke umfassende Sammlung des Fonds f\u00fcr zeitgen\u00f6ssische Kunst des Kantons Wallis.<\/p>\n<p>Ein Teil der Museumssammlung kann online auf der Plattform <a href=\"https:\/\/www.vallesiana.ch\/kulturerbe\/digitale-kulturgut-wallis-3.html#!search\" target=\"_blank\" rel=\"noopener\">Vallesiana <\/a>eingesehen werden.<\/p>\n<p>[\/et_pb_text][et_pb_button button_url=&#8220;https:\/\/www.vallesiana.ch\/kulturerbe\/digitale-kulturgut-wallis-3.html#!search&#8220; url_new_window=&#8220;on&#8220; button_text=&#8220;Die Online-Sammlung ansehen&#8220; _builder_version=&#8220;4.27.4&#8243; _module_preset=&#8220;default&#8220; button_text_color=&#8220;#000000&#8243; button_bg_color=&#8220;#E1CCE1&#8243; hover_enabled=&#8220;0&#8243; global_colors_info=&#8220;{}&#8220; sticky_enabled=&#8220;0&#8243;][\/et_pb_button][\/et_pb_column][\/et_pb_row][\/et_pb_section][et_pb_section fb_built=&#8220;1&#8243; _builder_version=&#8220;4.27.4&#8243; _module_preset=&#8220;default&#8220; background_color=&#8220;#EDEDED&#8220; global_colors_info=&#8220;{}&#8220;][et_pb_row column_structure=&#8220;2_5,3_5&#8243; _builder_version=&#8220;4.27.4&#8243; _module_preset=&#8220;default&#8220; global_colors_info=&#8220;{}&#8220;][et_pb_column type=&#8220;2_5&#8243; _builder_version=&#8220;4.27.4&#8243; _module_preset=&#8220;default&#8220; global_colors_info=&#8220;{}&#8220;][et_pb_text _builder_version=&#8220;4.27.4&#8243; _module_preset=&#8220;default&#8220; global_colors_info=&#8220;{}&#8220;]<\/p>\n<h2>Provenienzforschung<\/h2>\n<p>[\/et_pb_text][\/et_pb_column][et_pb_column type=&#8220;3_5&#8243; _builder_version=&#8220;4.27.4&#8243; _module_preset=&#8220;default&#8220; global_colors_info=&#8220;{}&#8220;][et_pb_text _builder_version=&#8220;4.27.4&#8243; _module_preset=&#8220;default&#8220; global_colors_info=&#8220;{}&#8220;]<\/p>\n<p>Das Kunstmuseum Wallis erforschte 2023 und 2024 die Provenienz gewisser Werke seiner Sammlungen dank einer finanziellen Unterst\u00fctzung des Bundesamts f\u00fcr Kultur (BAK). In diesem Rahmen hat das Museum die Herkunft von 125 ausgew\u00e4hlten Werken untersucht, um so weit als m\u00f6glich zu bestimmen, ob diese von den Akteuren des Kunstmarkts w\u00e4hrend des nationalsozialistischen Regimes Deutschlands unter umstrittenen Umst\u00e4nden erworben wurden. <\/p>\n<p>Im Bewusstsein um Raubkunst w\u00e4hrend des nationalsozialistischen Regimes zwischen 1933 und 1945 hat sich die Schweizerische Eidgenossenschaft aktiv an der Erarbeitung der Richtlinien der Washingtoner Konferenz im Jahr 1998 beteiligt. Diese sollen es erm\u00f6glichen, gerechte L\u00f6sungen zu finden, die sich auf Kunstwerke anwenden lassen, die von den Nazis konfisziert wurden, und sie sollen die Provenienzforschung f\u00f6rdern. Im Zuge dieser Transparenzbem\u00fchungen unterst\u00fctzt das BAK Projekte wie jenes des Kunstmuseums Wallis, welche die Herkunft der Werke in den Schweizer Kunstsammlungen kl\u00e4ren m\u00f6chten.  <\/p>\n<p>Der Schlussbericht und die Ergebnisse der Provenienzforschung des Kunstmuseums Wallis im Rahmen der Unterst\u00fctzung des BAK k\u00f6nnen hier eingesehen werden.<\/p>\n<p>[\/et_pb_text][et_pb_button button_url=&#8220;https:\/\/art.musees-valais-dev.ch\/wp-content\/uploads\/2025\/03\/MA_OFC_Projet_de_recherche_de_provenances_Rapport_final_202409263.pdf&#8220; url_new_window=&#8220;on&#8220; button_text=&#8220;Bericht&#8220; _builder_version=&#8220;4.27.4&#8243; _module_preset=&#8220;default&#8220; global_colors_info=&#8220;{}&#8220;][\/et_pb_button][et_pb_button button_url=&#8220;https:\/\/art.musees-valais-dev.ch\/wp-content\/uploads\/2025\/03\/MA_OFC_Projet_de_recherche_de_provenances_Annexe_1_Liste_des_oeuvres_examinees_avec_provenances_202409263-1.pdf&#8220; url_new_window=&#8220;on&#8220; button_text=&#8220;studierte Werke&#8220; _builder_version=&#8220;4.27.4&#8243; _module_preset=&#8220;default&#8220; global_colors_info=&#8220;{}&#8220;][\/et_pb_button][\/et_pb_column][\/et_pb_row][\/et_pb_section][et_pb_section fb_built=&#8220;1&#8243; _builder_version=&#8220;4.27.4&#8243; _module_preset=&#8220;default&#8220; background_color=&#8220;#FFFFFF&#8220; global_colors_info=&#8220;{}&#8220;][et_pb_row column_structure=&#8220;2_5,3_5&#8243; _builder_version=&#8220;4.27.4&#8243; _module_preset=&#8220;default&#8220; global_colors_info=&#8220;{}&#8220;][et_pb_column type=&#8220;2_5&#8243; _builder_version=&#8220;4.27.4&#8243; _module_preset=&#8220;default&#8220; global_colors_info=&#8220;{}&#8220;][et_pb_text _builder_version=&#8220;4.27.4&#8243; _module_preset=&#8220;default&#8220; global_colors_info=&#8220;{}&#8220;]<\/p>\n<h2>Erforschen und bewahren<\/h2>\n<p>[\/et_pb_text][\/et_pb_column][et_pb_column type=&#8220;3_5&#8243; _builder_version=&#8220;4.27.4&#8243; _module_preset=&#8220;default&#8220; global_colors_info=&#8220;{}&#8220;][et_pb_text _builder_version=&#8220;4.27.4&#8243; _module_preset=&#8220;default&#8220; custom_padding=&#8220;||0px|||&#8220; global_colors_info=&#8220;{}&#8220;]<\/p>\n<p>Alle Best\u00e4nde der Walliser Kantonsmuseen unterstehen der Verantwortung der Sektion Sammlungen, welche deren Verwaltung und Konservierung gew\u00e4hrleistet.<\/p>\n<p>Das Konservierungsteam sorgt f\u00fcr die langfristige Konservierung der Sammlungen der Walliser Kantonsmuseen. Die Sammlungen umfassen Objekte verschiedenster Art, wie Gem\u00e4lde, M\u00f6bel, Textilien, arch\u00e4ologische Gegenst\u00e4nde und nat\u00fcrliche Exemplare. Diese erfordern besondere Aufmerksamkeit, um die Zeit zu \u00fcberdauern. <\/p>\n<p>Vorbeugende Konservierungsmassnahmen sch\u00fctzen gegen Faktoren, die Ver\u00e4nderungen an den Objekten verursachen k\u00f6nnen, wie Schwankungen des Raumklimas oder mechanische Einwirkungen. Sie beugen Sch\u00e4digungen durch Licht, Insekten und Parasiten vor. Im Rahmen der Lagerverwaltung \u00fcberpr\u00fcft die Sektion Sammlungen ausserdem die optimalen Lagerbedingungen f\u00fcr die Objekte und kontrolliert regelm\u00e4ssig die Lagerr\u00e4ume.  <\/p>\n<p>Die Sektion Sammlungen gibt bei Ausleihanfragen und Neuanschaffungen Vormeinungen ab, indem sie Zustandsprotokolle erstellt. Ausserdem bereitet sie die Objekte f\u00fcr Transporte vor und f\u00fcr die Einlagerung unter geeigneten Bedingungen. Sie organisiert auch die Objektlogistik im Zusammenhang mit Ausstellungen, beispielsweise den Transport oder die Ausstattung mit einem geeigneten Sockel.  <\/p>\n<p>Ein Fotostudio erstellt die fotografische Dokumentation der Objekte in Erg\u00e4nzung zu den wissenschaftlichen und administrativen Daten, welche von den Inventarbeauftragten in jedem der drei Walliser Kantonsmuseen erstellt werden.<\/p>\n<p>[\/et_pb_text][\/et_pb_column][\/et_pb_row][\/et_pb_section]<\/p>\n","protected":false},"excerpt":{"rendered":"<p>Unsere SammlungenEin aussergew\u00f6hnliches ErbeDas Kunstmuseum Wallis ist die Referenzinstitution f\u00fcr das Kunstschaffen im Zusammenhang mit dem Wallis. Seine Sammlungen umfassen ausserdem nationales und internationales Schaffen Seit seiner Gr\u00fcndung im Jahr 1947 hat das Kunstmuseum Wallis eine bedeutende Sammlung entwickelt. Diese z\u00e4hlt heute rund 6 000 Werke (Gem\u00e4lde, Skulpturen, Zeichnungen, Drucke, Fotografien, Videos usw.), davon 3 [&hellip;]<\/p>\n","protected":false},"author":2,"featured_media":0,"parent":0,"menu_order":0,"comment_status":"closed","ping_status":"closed","template":"","meta":{"_acf_changed":false,"_et_pb_use_builder":"on","_et_pb_old_content":"","_et_gb_content_width":"","_crsspst_to_musees-valais-devch":false,"_crsspst_to_histoiremusees-valais-devch":false,"_crsspst_to_naturemusees-valais-devch":false,"footnotes":""},"class_list":["post-4114","page","type-page","status-publish","hentry"],"acf":[],"_links":{"self":[{"href":"https:\/\/art.musees-valais-dev.ch\/de\/wp-json\/wp\/v2\/pages\/4114","targetHints":{"allow":["GET"]}}],"collection":[{"href":"https:\/\/art.musees-valais-dev.ch\/de\/wp-json\/wp\/v2\/pages"}],"about":[{"href":"https:\/\/art.musees-valais-dev.ch\/de\/wp-json\/wp\/v2\/types\/page"}],"author":[{"embeddable":true,"href":"https:\/\/art.musees-valais-dev.ch\/de\/wp-json\/wp\/v2\/users\/2"}],"replies":[{"embeddable":true,"href":"https:\/\/art.musees-valais-dev.ch\/de\/wp-json\/wp\/v2\/comments?post=4114"}],"version-history":[{"count":5,"href":"https:\/\/art.musees-valais-dev.ch\/de\/wp-json\/wp\/v2\/pages\/4114\/revisions"}],"predecessor-version":[{"id":6882,"href":"https:\/\/art.musees-valais-dev.ch\/de\/wp-json\/wp\/v2\/pages\/4114\/revisions\/6882"}],"wp:attachment":[{"href":"https:\/\/art.musees-valais-dev.ch\/de\/wp-json\/wp\/v2\/media?parent=4114"}],"curies":[{"name":"wp","href":"https:\/\/api.w.org\/{rel}","templated":true}]}}