{"id":4107,"date":"2024-04-09T16:02:57","date_gmt":"2024-04-09T14:02:57","guid":{"rendered":"https:\/\/art.musees-valais-dev.ch\/museums-und-kulturquartier\/"},"modified":"2025-03-14T10:04:04","modified_gmt":"2025-03-14T09:04:04","slug":"museums-und-kulturquartier","status":"publish","type":"page","link":"https:\/\/art.musees-valais-dev.ch\/de\/museums-und-kulturquartier\/","title":{"rendered":"Museums- und Kulturquartier"},"content":{"rendered":"<p>[et_pb_section fb_built=&#8220;1&#8243; _builder_version=&#8220;4.27.4&#8243; _module_preset=&#8220;default&#8220; global_colors_info=&#8220;{}&#8220;][et_pb_row _builder_version=&#8220;4.24.2&#8243; _module_preset=&#8220;default&#8220; global_colors_info=&#8220;{}&#8220;][et_pb_column type=&#8220;4_4&#8243; _builder_version=&#8220;4.24.2&#8243; _module_preset=&#8220;default&#8220; global_colors_info=&#8220;{}&#8220;][et_pb_text _builder_version=&#8220;4.27.4&#8243; _module_preset=&#8220;default&#8220; header_text_color=&#8220;#000000&#8243; header_2_font=&#8220;|600|||||||&#8220; global_colors_info=&#8220;{}&#8220;]<\/p>\n<h1>Museums- und Kulturquartier<\/h1>\n<p>[\/et_pb_text][\/et_pb_column][\/et_pb_row][et_pb_row column_structure=&#8220;2_5,3_5&#8243; _builder_version=&#8220;4.24.2&#8243; _module_preset=&#8220;default&#8220; global_colors_info=&#8220;{}&#8220;][et_pb_column type=&#8220;2_5&#8243; _builder_version=&#8220;4.24.2&#8243; _module_preset=&#8220;default&#8220; global_colors_info=&#8220;{}&#8220;][et_pb_text _builder_version=&#8220;4.27.4&#8243; _module_preset=&#8220;default&#8220; global_colors_info=&#8220;{}&#8220;]<\/p>\n<h2>Museen, Kultur und Tourismus<\/h2>\n<p>[\/et_pb_text][\/et_pb_column][et_pb_column type=&#8220;3_5&#8243; _builder_version=&#8220;4.24.2&#8243; _module_preset=&#8220;default&#8220; global_colors_info=&#8220;{}&#8220;][et_pb_text _builder_version=&#8220;4.27.4&#8243; _module_preset=&#8220;default&#8220; hover_enabled=&#8220;0&#8243; global_colors_info=&#8220;{}&#8220; sticky_enabled=&#8220;0&#8243;]<\/p>\n<p><strong>Die Walliser Kantonsmuseen und ihre kulturellen Partner auf den H\u00fcgeln von Sitten spannen zusammen, um den mittelalterlichen Burgflecken zu einem wahren musealen, kulturellen und touristischen Anziehungspunkt f\u00fcr alle zu machen.<\/strong><\/p>\n<p>Das Museums- und Kulturquartier umfasst die Bereiche Kunst, Kulturerbe, Natur und Kleinkunst. Die konkrete Umsetzung dieses Projekts beinhaltet eine umfassende Aufwertung des gesamten H\u00fcgelquartiers von Sitten und der Geb\u00e4ude, ausserdem die Koordinierung und Ausweitung der Kulturangebote sowie eine engere Zusammenarbeit aller involvierten Akteurinnen und Akteure.<\/p>\n<p>Mit diesem Unterfangen m\u00f6chten die Walliser Kantonsmuseen eine Antwort bieten auf die Rollen, welche im 21. Jahrhundert an die Museen herangetragen werden. Museen sind nicht nur Orte, wo Kulturerbe bewahrt wird, sondern auch Lebensbereiche, Orte der Begegnung, f\u00fcr Gespr\u00e4che und kreatives Schaffen. Die Museen sind dazu berufen, Akteure der Gesellschaft zu werden, die auf ihr Publikum eingehen und die Walliser Gesellschaft angesichts ihrer aktuellen und k\u00fcnftigen Herausforderungen wie Nachhaltigkeit, Integration, sozialer Zusammenhalt und kulturelle Vielfalt begleiten k\u00f6nnen.<\/p>\n<p>[\/et_pb_text][\/et_pb_column][\/et_pb_row][et_pb_row column_structure=&#8220;2_5,3_5&#8243; _builder_version=&#8220;4.24.2&#8243; _module_preset=&#8220;default&#8220; global_colors_info=&#8220;{}&#8220;][et_pb_column type=&#8220;2_5&#8243; _builder_version=&#8220;4.24.2&#8243; _module_preset=&#8220;default&#8220; global_colors_info=&#8220;{}&#8220;][et_pb_text _builder_version=&#8220;4.27.4&#8243; _module_preset=&#8220;default&#8220; hover_enabled=&#8220;0&#8243; global_colors_info=&#8220;{}&#8220; sticky_enabled=&#8220;0&#8243;]<\/p>\n<h2>Die k\u00fcnftige r\u00e4umliche Gliederung<\/h2>\n<p>[\/et_pb_text][\/et_pb_column][et_pb_column type=&#8220;3_5&#8243; _builder_version=&#8220;4.24.2&#8243; _module_preset=&#8220;default&#8220; global_colors_info=&#8220;{}&#8220;][et_pb_text _builder_version=&#8220;4.27.4&#8243; _module_preset=&#8220;default&#8220; hover_enabled=&#8220;0&#8243; global_colors_info=&#8220;{}&#8220; sticky_enabled=&#8220;0&#8243;]<\/p>\n<p>Die Entwicklung des Museums- und Kulturquartiers ist in vier r\u00e4umliche Bereiche gegliedert, welche an die Rue des Ch\u00e2teaux als zentrale Achse in der Altstadt von Sitten ankn\u00fcpfen. In jedem dieser Bereiche werden sich bestimmte museale und kulturelle T\u00e4tigkeiten stichhaltig gruppieren, sodass koh\u00e4rente Beziehungen zur direkten Umgebung entstehen.<\/p>\n<p><strong>Burganlage Valeria und Schloss Tourbillon<\/strong><\/p>\n<p>Der erste Bereich liegt auf den majest\u00e4tischen H\u00fcgeln von Sitten und umfasst das Geschichtsmuseum Wallis, die Basilika von Valeria sowie das gegen\u00fcberliegende Schloss Tourbillon.<\/p>\n<p><strong>Das Areal der ehemaligen Strafanstalt<\/strong><\/p>\n<p>Das Ausstellungszentrum Le P\u00e9nitencier wird 2025 f\u00fcr Renovierungsarbeiten geschlossen. In der Folge werden hier das Naturmuseum Wallis und seine neue Dauerausstellung beheimatet. Die j\u00fcngst renovierte ehemalige Kanzlei beherbergt zurzeit noch die Sonderausstellungen der Kantonsmuseen. Letztlich wird ein neuer Pavillon die ehemalige Strafanstalt mit der Kanzlei verbinden, und die grossartigen neolithischen Stelen des Geschichtsmuseums Wallis werden dann in einem angemessenen Saal zu sehen sein. In der ehemaligen Kanzlei wird k\u00fcnftig eine Dauerausstellung der reichhaltigen arch\u00e4ologischen Sammlungen gezeigt, die derzeit auf Valeria konserviert sind.<\/p>\n<p><strong>Place des Th\u00e9\u00e2tres<\/strong><\/p>\n<p>Der dritte Bereich gliedert sich rund um das Kunstmuseum Wallis, das k\u00fcnftig im Jesuitenkollegium und im Vitztumsschloss untergebracht sein wird. In diesem Bereich werden die Aktivit\u00e4ten im Zusammenhang mit bildender sowie Klein- und B\u00fchnenkunst gruppiert (Kulturzentrum Le SPOT). Die R\u00e4umlichkeiten der Jesuitenkirche werden die Kulturpartner und -partnerinnen der H\u00fcgel von Sitten gemeinsam nutzen.<\/p>\n<p><strong>Place de la Majorie und Grange-\u00e0-l\u2019Ev\u00eaque<\/strong><\/p>\n<p>Dieser vierte Bereich wird der Dreh- und Angelpunkt des Museums- und Kulturquartiers sein, denn er verbindet das Kunstmuseum Wallis, das Kulturzentrum Le SPOT, die Rue des Ch\u00e2teaux und den Place de la Majorie. Dieser Bereich wird dem gesamten Quartier als neuer Empfangs- und Lebensort dienen.<\/p>\n<p>[\/et_pb_text][\/et_pb_column][\/et_pb_row][et_pb_row column_structure=&#8220;2_5,3_5&#8243; _builder_version=&#8220;4.24.2&#8243; _module_preset=&#8220;default&#8220; global_colors_info=&#8220;{}&#8220;][et_pb_column type=&#8220;2_5&#8243; _builder_version=&#8220;4.24.2&#8243; _module_preset=&#8220;default&#8220; global_colors_info=&#8220;{}&#8220;][et_pb_text _builder_version=&#8220;4.27.4&#8243; _module_preset=&#8220;default&#8220; hover_enabled=&#8220;0&#8243; global_colors_info=&#8220;{}&#8220; sticky_enabled=&#8220;0&#8243;]<\/p>\n<h2>Eine breit angelegte Partnerschaft<\/h2>\n<p>[\/et_pb_text][\/et_pb_column][et_pb_column type=&#8220;3_5&#8243; _builder_version=&#8220;4.24.2&#8243; _module_preset=&#8220;default&#8220; global_colors_info=&#8220;{}&#8220;][et_pb_text _builder_version=&#8220;4.27.4&#8243; _module_preset=&#8220;default&#8220; hover_enabled=&#8220;0&#8243; global_colors_info=&#8220;{}&#8220; sticky_enabled=&#8220;0&#8243;]<\/p>\n<p>Zur Entwicklung dieser Vision und zur Erarbeitung des neuen Konzepts sind alle Partnerinnen und Partner der H\u00fcgel von Sitten zusammengekommen. Sie vertreten den Kanton Wallis, die Stadt Sitten, die Burgerschaft Sitten, das Domkapitel Sitten, die Stiftung Tourbillon und die Freunde der Museen.<\/p>\n<p>[\/et_pb_text][\/et_pb_column][\/et_pb_row][\/et_pb_section]<\/p>\n","protected":false},"excerpt":{"rendered":"<p>Museums- und KulturquartierMuseen, Kultur und TourismusDie Walliser Kantonsmuseen und ihre kulturellen Partner auf den H\u00fcgeln von Sitten spannen zusammen, um den mittelalterlichen Burgflecken zu einem wahren musealen, kulturellen und touristischen Anziehungspunkt f\u00fcr alle zu machen. Das Museums- und Kulturquartier umfasst die Bereiche Kunst, Kulturerbe, Natur und Kleinkunst. Die konkrete Umsetzung dieses Projekts beinhaltet eine umfassende [&hellip;]<\/p>\n","protected":false},"author":2,"featured_media":0,"parent":0,"menu_order":0,"comment_status":"closed","ping_status":"closed","template":"","meta":{"_acf_changed":false,"_et_pb_use_builder":"on","_et_pb_old_content":"","_et_gb_content_width":"","_crsspst_to_musees-valais-devch":false,"_crsspst_to_histoiremusees-valais-devch":false,"_crsspst_to_naturemusees-valais-devch":false,"footnotes":""},"class_list":["post-4107","page","type-page","status-publish","hentry"],"acf":[],"_links":{"self":[{"href":"https:\/\/art.musees-valais-dev.ch\/de\/wp-json\/wp\/v2\/pages\/4107","targetHints":{"allow":["GET"]}}],"collection":[{"href":"https:\/\/art.musees-valais-dev.ch\/de\/wp-json\/wp\/v2\/pages"}],"about":[{"href":"https:\/\/art.musees-valais-dev.ch\/de\/wp-json\/wp\/v2\/types\/page"}],"author":[{"embeddable":true,"href":"https:\/\/art.musees-valais-dev.ch\/de\/wp-json\/wp\/v2\/users\/2"}],"replies":[{"embeddable":true,"href":"https:\/\/art.musees-valais-dev.ch\/de\/wp-json\/wp\/v2\/comments?post=4107"}],"version-history":[{"count":3,"href":"https:\/\/art.musees-valais-dev.ch\/de\/wp-json\/wp\/v2\/pages\/4107\/revisions"}],"predecessor-version":[{"id":4614,"href":"https:\/\/art.musees-valais-dev.ch\/de\/wp-json\/wp\/v2\/pages\/4107\/revisions\/4614"}],"wp:attachment":[{"href":"https:\/\/art.musees-valais-dev.ch\/de\/wp-json\/wp\/v2\/media?parent=4107"}],"curies":[{"name":"wp","href":"https:\/\/api.w.org\/{rel}","templated":true}]}}